{"id":55,"date":"2017-03-05T17:48:06","date_gmt":"2017-03-05T23:48:06","guid":{"rendered":"http:\/\/ayudamigratoria.com.sv\/site\/servicios\/visas-de-inmigrantes\/"},"modified":"2017-03-29T21:19:31","modified_gmt":"2017-03-30T03:19:31","slug":"visas-de-inmigrantes","status":"publish","type":"page","link":"https:\/\/ayudamigratoria.com.sv\/site\/servicios\/visas-de-inmigrantes\/","title":{"rendered":"Visas de inmigrantes"},"content":{"rendered":"<p>[et_pb_section transparent_background=\u00bboff\u00bb allow_player_pause=\u00bboff\u00bb inner_shadow=\u00bboff\u00bb parallax=\u00bboff\u00bb parallax_method=\u00bbon\u00bb custom_padding=\u00bb0px|0px|0px|0px\u00bb make_fullwidth=\u00bboff\u00bb use_custom_width=\u00bboff\u00bb width_unit=\u00bboff\u00bb custom_width_px=\u00bb1080px\u00bb custom_width_percent=\u00bb80%\u00bb make_equal=\u00bboff\u00bb use_custom_gutter=\u00bboff\u00bb fullwidth=\u00bboff\u00bb specialty=\u00bboff\u00bb disabled=\u00bboff\u00bb][et_pb_row make_fullwidth=\u00bbon\u00bb use_custom_width=\u00bboff\u00bb width_unit=\u00bboff\u00bb custom_width_px=\u00bb1080px\u00bb custom_width_percent=\u00bb80%\u00bb use_custom_gutter=\u00bbon\u00bb gutter_width=\u00bb1&#8243; custom_padding=\u00bb0px|0px|0px|0px\u00bb allow_player_pause=\u00bboff\u00bb parallax=\u00bboff\u00bb parallax_method=\u00bbon\u00bb make_equal=\u00bbon\u00bb parallax_1=\u00bboff\u00bb parallax_method_1=\u00bbon\u00bb parallax_2=\u00bboff\u00bb parallax_method_2=\u00bbon\u00bb parallax_3=\u00bboff\u00bb parallax_method_3=\u00bbon\u00bb parallax_4=\u00bboff\u00bb parallax_method_4=\u00bbon\u00bb disabled=\u00bboff\u00bb][et_pb_column type=\u00bb1_2&#8243; disabled=\u00bboff\u00bb parallax=\u00bboff\u00bb parallax_method=\u00bbon\u00bb][et_pb_slider show_arrows=\u00bboff\u00bb show_pagination=\u00bboff\u00bb auto=\u00bbon\u00bb auto_speed=\u00bb3500&#8243; auto_ignore_hover=\u00bbon\u00bb parallax=\u00bboff\u00bb parallax_method=\u00bboff\u00bb remove_inner_shadow=\u00bbon\u00bb background_position=\u00bbdefault\u00bb background_size=\u00bbdefault\u00bb top_padding=\u00bb250px\u00bb bottom_padding=\u00bb250px\u00bb hide_content_on_mobile=\u00bboff\u00bb hide_cta_on_mobile=\u00bboff\u00bb show_image_video_mobile=\u00bboff\u00bb custom_button=\u00bboff\u00bb button_text_size=\u00bb20&#8243; button_use_icon=\u00bbon\u00bb button_icon_placement=\u00bbright\u00bb button_on_hover=\u00bbon\u00bb button_letter_spacing_hover=\u00bb0&#8243; disabled=\u00bboff\u00bb][et_pb_slide button_link=\u00bb#\u00bb background_image=\u00bbhttp:\/\/ayudamigratoria.com.sv\/site\/wp-content\/uploads\/2017\/03\/inmigrante03.jpg\u00bb background_position=\u00bbdefault\u00bb background_size=\u00bbdefault\u00bb background_color=\u00bb#ffffff\u00bb alignment=\u00bbcenter\u00bb background_layout=\u00bbdark\u00bb allow_player_pause=\u00bboff\u00bb text_border_radius=\u00bb3&#8243; disabled=\u00bboff\u00bb][\/et_pb_slide][et_pb_slide button_link=\u00bb#\u00bb background_image=\u00bbhttp:\/\/ayudamigratoria.com.sv\/site\/wp-content\/uploads\/2017\/03\/inmigrante02.jpg\u00bb background_position=\u00bbdefault\u00bb background_size=\u00bbdefault\u00bb background_color=\u00bb#ffffff\u00bb alignment=\u00bbcenter\u00bb background_layout=\u00bbdark\u00bb allow_player_pause=\u00bboff\u00bb text_border_radius=\u00bb3&#8243; disabled=\u00bboff\u00bb][\/et_pb_slide][et_pb_slide button_link=\u00bb#\u00bb background_image=\u00bbhttp:\/\/ayudamigratoria.com.sv\/site\/wp-content\/uploads\/2017\/03\/inmigrante01.jpg\u00bb background_position=\u00bbdefault\u00bb background_size=\u00bbdefault\u00bb background_color=\u00bb#ffffff\u00bb alignment=\u00bbcenter\u00bb background_layout=\u00bbdark\u00bb allow_player_pause=\u00bboff\u00bb text_border_radius=\u00bb3&#8243; disabled=\u00bboff\u00bb][\/et_pb_slide][\/et_pb_slider][\/et_pb_column][et_pb_column type=\u00bb1_2&#8243; disabled=\u00bboff\u00bb parallax=\u00bboff\u00bb parallax_method=\u00bbon\u00bb][et_pb_text background_layout=\u00bblight\u00bb text_orientation=\u00bbleft\u00bb use_border_color=\u00bboff\u00bb border_style=\u00bbsolid\u00bb custom_margin=\u00bb|||\u00bb custom_padding=\u00bb35px|35px|35px|35px\u00bb disabled=\u00bboff\u00bb]<\/p>\n<h1>Visas de Inmigrante<\/h1>\n<\/p>\n<p>Una visa de inmigrante es un documento expedido por un Oficial Consular Estadounidense&nbsp; en el extranjero que le&nbsp; permite viajar a los Estados Unidos y solicitar admisi&oacute;n&nbsp; como residente permanente.<\/p>\n<p>Un ciudadano extranjero&nbsp; que est&aacute; buscando emigrar hacia los Estados Unidos, debe ser peticionado por un familiar inmediato que sea ciudadano o residente permanente, o un empleador y tener una petici&oacute;n aprobada antes de solicitar una visa de inmigrante.<\/p>\n<p>Un inspector de Protecci&oacute;n de Aduanas&nbsp; y Fronteras del Departamento de Seguridad Nacional &nbsp;(DHS) por sus siglas en ingl&eacute;s, tiene la decisi&oacute;n final de admitirlo o no como un residente permanente. Una vez, usted es admitido como Residente Permanente, usted tiene el derecho de vivir y trabajar en los Estados Unidos permanentemente.<\/p>\n<p>El servicio de ciudadan&iacute;a e Inmigraci&oacute;n del Departamento de Seguridad Nacional (DHS)&nbsp; le enviar&aacute; por correo su tarjeta de residencia (Green card) a su nueva direcci&oacute;n en los Estados Unidos en los pr&oacute;ximos tres meses a partir de su llegada.<\/p>\n<p>[\/et_pb_text][\/et_pb_column][\/et_pb_row][\/et_pb_section][et_pb_section transparent_background=\u00bboff\u00bb background_color=\u00bb#3c3b6e\u00bb allow_player_pause=\u00bboff\u00bb inner_shadow=\u00bboff\u00bb parallax=\u00bboff\u00bb parallax_method=\u00bbon\u00bb make_fullwidth=\u00bboff\u00bb use_custom_width=\u00bboff\u00bb width_unit=\u00bboff\u00bb custom_width_px=\u00bb1080px\u00bb custom_width_percent=\u00bb80%\u00bb make_equal=\u00bboff\u00bb use_custom_gutter=\u00bboff\u00bb fullwidth=\u00bboff\u00bb specialty=\u00bboff\u00bb disabled=\u00bboff\u00bb][et_pb_row make_fullwidth=\u00bbon\u00bb use_custom_width=\u00bboff\u00bb width_unit=\u00bboff\u00bb custom_width_px=\u00bb1080px\u00bb custom_width_percent=\u00bb80%\u00bb use_custom_gutter=\u00bboff\u00bb gutter_width=\u00bb3&#8243; allow_player_pause=\u00bboff\u00bb parallax=\u00bboff\u00bb parallax_method=\u00bbon\u00bb make_equal=\u00bbon\u00bb background_color_2=\u00bb#ffffff\u00bb padding_top_2=\u00bb35px         \u00bb padding_right_2=\u00bb      35px      \u00bb padding_bottom_2=\u00bb   35px   \u00bb padding_left_2=\u00bb35px\u00bb parallax_1=\u00bboff\u00bb parallax_method_1=\u00bbon\u00bb parallax_2=\u00bboff\u00bb parallax_method_2=\u00bbon\u00bb parallax_3=\u00bboff\u00bb parallax_method_3=\u00bbon\u00bb parallax_4=\u00bboff\u00bb parallax_method_4=\u00bbon\u00bb disabled=\u00bboff\u00bb][et_pb_column type=\u00bb1_2&#8243; disabled=\u00bboff\u00bb parallax=\u00bboff\u00bb parallax_method=\u00bbon\u00bb][et_pb_text background_layout=\u00bbdark\u00bb text_orientation=\u00bbleft\u00bb use_border_color=\u00bboff\u00bb border_style=\u00bbsolid\u00bb disabled=\u00bboff\u00bb]<\/p>\n<h3>Principales tipos de Visa de inmigrantes<\/h3>\n<ul>\n<li>Petici&oacute;n de familia<\/li>\n<li>Petici&oacute;n de prometido\/a<\/li>\n<li>Empleo en base a petici&oacute;n<\/li>\n<li>Servicios para residentes permanentes<\/li>\n<li>Loter&iacute;a de visa<\/li>\n<\/ul>\n<p>[\/et_pb_text][\/et_pb_column][et_pb_column type=\u00bb1_2&#8243; disabled=\u00bboff\u00bb background_color=\u00bb#ffffff\u00bb padding_bottom=\u00bb   35px   \u00bb padding_left=\u00bb35px\u00bb padding_right=\u00bb      35px      \u00bb padding_top=\u00bb35px         \u00bb parallax=\u00bboff\u00bb parallax_method=\u00bbon\u00bb][et_pb_text background_layout=\u00bblight\u00bb text_orientation=\u00bbleft\u00bb header_text_color=\u00bb#0c71c3&#8243; text_font_size=\u00bb16px\u00bb text_line_height=\u00bb1.8em\u00bb use_border_color=\u00bboff\u00bb border_style=\u00bbsolid\u00bb disabled=\u00bboff\u00bb]<\/p>\n<h3><span style=\"color: #0c71c3;\">Sobre nuestra asesor\u00eda<\/span>\u00a0<\/h3>\n<\/p>\n<p>Somos una empresa que cuenta con 12 a\u00f1os de experiencia bindando servicio de calidad, contamos con personal capacitado para asistirle en sus tr\u00e1mites migratorios para Estados Unidos. Tenemos la soluci\u00f3n inmediata para su caso en particular. Sin enga\u00f1os.<\/p>\n<p>[\/et_pb_text][\/et_pb_column][\/et_pb_row][\/et_pb_section][et_pb_section background_image=\u00bbhttp:\/\/ayudamigratoria.com.sv\/site\/wp-content\/uploads\/2017\/03\/bgform.jpg\u00bb transparent_background=\u00bboff\u00bb background_color=\u00bb#0c71c3&#8243; allow_player_pause=\u00bboff\u00bb inner_shadow=\u00bboff\u00bb parallax=\u00bbon\u00bb parallax_method=\u00bbon\u00bb make_fullwidth=\u00bboff\u00bb use_custom_width=\u00bboff\u00bb width_unit=\u00bboff\u00bb custom_width_px=\u00bb1080px\u00bb custom_width_percent=\u00bb80%\u00bb make_equal=\u00bboff\u00bb use_custom_gutter=\u00bboff\u00bb fullwidth=\u00bboff\u00bb specialty=\u00bboff\u00bb disabled=\u00bboff\u00bb global_module=\u00bb132&#8243;][et_pb_row make_fullwidth=\u00bbon\u00bb use_custom_width=\u00bboff\u00bb width_unit=\u00bboff\u00bb custom_width_px=\u00bb1080px\u00bb custom_width_percent=\u00bb80%\u00bb use_custom_gutter=\u00bboff\u00bb gutter_width=\u00bb3&#8243; allow_player_pause=\u00bboff\u00bb parallax=\u00bboff\u00bb parallax_method=\u00bbon\u00bb make_equal=\u00bboff\u00bb parallax_1=\u00bboff\u00bb parallax_method_1=\u00bbon\u00bb parallax_2=\u00bboff\u00bb parallax_method_2=\u00bbon\u00bb parallax_3=\u00bboff\u00bb parallax_method_3=\u00bbon\u00bb parallax_4=\u00bboff\u00bb parallax_method_4=\u00bbon\u00bb disabled=\u00bboff\u00bb][et_pb_column type=\u00bb1_3&#8243; disabled=\u00bboff\u00bb locked=\u00bbon\u00bb parallax=\u00bboff\u00bb parallax_method=\u00bbon\u00bb][et_pb_text background_layout=\u00bbdark\u00bb text_orientation=\u00bbleft\u00bb use_border_color=\u00bboff\u00bb border_style=\u00bbsolid\u00bb disabled=\u00bboff\u00bb]<\/p>\n<h1>\u00bfTiene preguntas?<\/h1>\n<p><\/p>\n<p>Perm\u00edtanos conocer sus consultas migratorias. Nuestro equipo de profesionales atender\u00e1 personalmente sus consultas.<\/p>\n<p>Si desea conocer otras formas de contactarnos, en donde est\u00e1n nuestras oficinas y horarios de atenci\u00f3n:<\/p>\n<p>[\/et_pb_text][et_pb_button button_url=\u00bb#\u00bb url_new_window=\u00bboff\u00bb button_text=\u00bbUbicaci\u00f3n y contacto\u00bb background_layout=\u00bbdark\u00bb custom_button=\u00bboff\u00bb button_text_size=\u00bb20&#8243; button_use_icon=\u00bbon\u00bb button_icon_placement=\u00bbright\u00bb button_on_hover=\u00bbon\u00bb button_letter_spacing_hover=\u00bb0&#8243; disabled=\u00bboff\u00bb][\/et_pb_button][\/et_pb_column][et_pb_column type=\u00bb2_3&#8243; disabled=\u00bboff\u00bb locked=\u00bbon\u00bb parallax=\u00bboff\u00bb parallax_method=\u00bbon\u00bb][et_pb_contact_form captcha=\u00bbon\u00bb email=\u00bbayudamigratoria@gmail.com\u00bb use_redirect=\u00bboff\u00bb input_border_radius=\u00bb0&#8243; module_id=\u00bbet_pb_contact_form_0&#8243; use_border_color=\u00bboff\u00bb border_color=\u00bb#ffffff\u00bb border_width=\u00bb1px\u00bb border_style=\u00bbsolid\u00bb custom_button=\u00bbon\u00bb button_text_size=\u00bb20&#8243; button_text_color=\u00bb#ffffff\u00bb button_use_icon=\u00bbon\u00bb button_icon_placement=\u00bbright\u00bb button_on_hover=\u00bbon\u00bb button_letter_spacing_hover=\u00bb0&#8243; custom_css_main_element=\u00bbcolor: #FFF;\u00bb disabled=\u00bboff\u00bb][et_pb_contact_field field_id=\u00bbName\u00bb field_title=\u00bbNombre\u00bb field_type=\u00bbinput\u00bb required_mark=\u00bbon\u00bb fullwidth_field=\u00bboff\u00bb input_border_radius=\u00bb0&#8243; disabled=\u00bboff\u00bb][\/et_pb_contact_field][et_pb_contact_field field_id=\u00bbTelefono\u00bb field_title=\u00bbTel\u00e9fono\u00bb field_type=\u00bbinput\u00bb required_mark=\u00bbon\u00bb fullwidth_field=\u00bboff\u00bb input_border_radius=\u00bb0&#8243; disabled=\u00bboff\u00bb][\/et_pb_contact_field][et_pb_contact_field field_id=\u00bbEmail\u00bb field_title=\u00bbDirecci\u00f3n de correo electr\u00f3nico\u00bb field_type=\u00bbemail\u00bb required_mark=\u00bbon\u00bb fullwidth_field=\u00bbon\u00bb input_border_radius=\u00bb0&#8243; disabled=\u00bboff\u00bb][\/et_pb_contact_field][et_pb_contact_field field_id=\u00bbMessage\u00bb field_title=\u00bbMensaje\u00bb field_type=\u00bbtext\u00bb required_mark=\u00bbon\u00bb fullwidth_field=\u00bbon\u00bb input_border_radius=\u00bb0&#8243; disabled=\u00bboff\u00bb][\/et_pb_contact_field][\/et_pb_contact_form][\/et_pb_column][\/et_pb_row][\/et_pb_section]<\/p>\n","protected":false},"excerpt":{"rendered":"<p>Visas de Inmigrante Una visa de inmigrante es un documento expedido por un Oficial Consular Estadounidense&nbsp; en el extranjero que le&nbsp; permite viajar a los Estados Unidos y solicitar admisi&oacute;n&nbsp; como residente permanente. Un ciudadano extranjero&nbsp; que est&aacute; buscando emigrar hacia los Estados Unidos, debe ser peticionado por un familiar inmediato que sea ciudadano o [&hellip;]<\/p>\n","protected":false},"author":2,"featured_media":0,"parent":53,"menu_order":4,"comment_status":"closed","ping_status":"closed","template":"","meta":{"_et_pb_use_builder":"on","_et_pb_old_content":"","_et_gb_content_width":"","footnotes":""},"class_list":["post-55","page","type-page","status-publish","hentry"],"_links":{"self":[{"href":"https:\/\/ayudamigratoria.com.sv\/site\/wp-json\/wp\/v2\/pages\/55","targetHints":{"allow":["GET"]}}],"collection":[{"href":"https:\/\/ayudamigratoria.com.sv\/site\/wp-json\/wp\/v2\/pages"}],"about":[{"href":"https:\/\/ayudamigratoria.com.sv\/site\/wp-json\/wp\/v2\/types\/page"}],"author":[{"embeddable":true,"href":"https:\/\/ayudamigratoria.com.sv\/site\/wp-json\/wp\/v2\/users\/2"}],"replies":[{"embeddable":true,"href":"https:\/\/ayudamigratoria.com.sv\/site\/wp-json\/wp\/v2\/comments?post=55"}],"version-history":[{"count":2,"href":"https:\/\/ayudamigratoria.com.sv\/site\/wp-json\/wp\/v2\/pages\/55\/revisions"}],"predecessor-version":[{"id":160,"href":"https:\/\/ayudamigratoria.com.sv\/site\/wp-json\/wp\/v2\/pages\/55\/revisions\/160"}],"up":[{"embeddable":true,"href":"https:\/\/ayudamigratoria.com.sv\/site\/wp-json\/wp\/v2\/pages\/53"}],"wp:attachment":[{"href":"https:\/\/ayudamigratoria.com.sv\/site\/wp-json\/wp\/v2\/media?parent=55"}],"curies":[{"name":"wp","href":"https:\/\/api.w.org\/{rel}","templated":true}]}}