{"id":52,"date":"2017-03-05T17:48:06","date_gmt":"2017-03-05T23:48:06","guid":{"rendered":"http:\/\/ayudamigratoria.com.sv\/site\/nosotros\/"},"modified":"2020-10-13T15:26:13","modified_gmt":"2020-10-13T21:26:13","slug":"nosotros","status":"publish","type":"page","link":"https:\/\/ayudamigratoria.com.sv\/site\/nosotros\/","title":{"rendered":"Nosotros"},"content":{"rendered":"\n[et_pb_section fb_built=\u00bb1&#8243; admin_label=\u00bbsection\u00bb _builder_version=\u00bb3.22&#8243; custom_padding=\u00bb0px|0px|0px|0px\u00bb][et_pb_row column_structure=\u00bb1_2,1_2&#8243; use_custom_gutter=\u00bbon\u00bb gutter_width=\u00bb1&#8243; make_equal=\u00bbon\u00bb admin_label=\u00bbrow\u00bb module_class=\u00bb et_pb_row_fullwidth\u00bb _builder_version=\u00bb3.25&#8243; background_size=\u00bbinitial\u00bb background_position=\u00bbtop_left\u00bb background_repeat=\u00bbrepeat\u00bb width=\u00bb100%\u00bb width_tablet=\u00bb100%\u00bb width_phone=\u00bb\u00bb width_last_edited=\u00bbon|desktop\u00bb max_width=\u00bb100%\u00bb max_width_tablet=\u00bb100%\u00bb max_width_phone=\u00bb\u00bb max_width_last_edited=\u00bbon|desktop\u00bb custom_padding=\u00bb0px|0px|0px|0px\u00bb make_fullwidth=\u00bbon\u00bb][et_pb_column type=\u00bb1_2&#8243; _builder_version=\u00bb3.25&#8243; background_image=\u00bbhttp:\/\/ayudamigratoria.com.sv\/site\/wp-content\/uploads\/2017\/03\/pic01.jpg\u00bb custom_padding=\u00bb|||\u00bb custom_padding__hover=\u00bb|||\u00bb][\/et_pb_column][et_pb_column type=\u00bb1_2&#8243; _builder_version=\u00bb3.25&#8243; custom_padding=\u00bb100px | 50px |100px| 50px\u00bb custom_padding__hover=\u00bb|||\u00bb][et_pb_text admin_label=\u00bbTexto\u00bb _builder_version=\u00bb3.27.4&#8243; text_font_size=\u00bb16px\u00bb header_font_size=\u00bb42px\u00bb background_size=\u00bbinitial\u00bb background_position=\u00bbtop_left\u00bb background_repeat=\u00bbrepeat\u00bb]<h1>Nosotros<\/h1>\n<p>Somos una empresa que cuenta con 14 a\u00f1os de experiencia brindando servicio de calidad, contamos con personal capacitado para asistirle en sus tr\u00e1mites migratorios para Estados Unidos.<\/p>\n<p>Nos especializamos\u00a0en todo tipo de tr\u00e1mites migratorios para EE.UU. Te presentamos una soluci\u00f3n inmediata para cualquier tipo de caso migratorio de forma honesta y transparente.<\/p>\n<p>Contamos con la experiencia y honestidad de Heriberto Rivera, ex oficial de inmigraci\u00f3n de los Estados Unidos, graduado del curso consular con amplio conocimiento de la ley migratoria.<\/p>[\/et_pb_text][\/et_pb_column][\/et_pb_row][\/et_pb_section][et_pb_section fb_built=\u00bb1&#8243; admin_label=\u00bbsection\u00bb _builder_version=\u00bb3.22&#8243; background_color=\u00bb#0c71c3&#8243;][et_pb_row column_structure=\u00bb1_2,1_2&#8243; make_equal=\u00bbon\u00bb admin_label=\u00bbrow\u00bb module_class=\u00bb et_pb_row_fullwidth\u00bb _builder_version=\u00bb3.25&#8243; background_size=\u00bbinitial\u00bb background_position=\u00bbtop_left\u00bb background_repeat=\u00bbrepeat\u00bb width=\u00bb89%\u00bb width_tablet=\u00bb80%\u00bb width_phone=\u00bb\u00bb width_last_edited=\u00bbon|desktop\u00bb max_width=\u00bb89%\u00bb max_width_tablet=\u00bb80%\u00bb max_width_phone=\u00bb\u00bb max_width_last_edited=\u00bbon|desktop\u00bb custom_margin=\u00bb|||\u00bb custom_padding=\u00bb|||\u00bb make_fullwidth=\u00bbon\u00bb][et_pb_column type=\u00bb1_2&#8243; _builder_version=\u00bb3.25&#8243; background_color=\u00bb#ffffff\u00bb custom_padding=\u00bb50px       |   35px   |       50px       |35px\u00bb custom_padding__hover=\u00bb|||\u00bb][et_pb_blurb title=\u00bbMisi\u00f3n\u00bb use_icon=\u00bbon\u00bb font_icon=\u00bb\ue017\u00bb icon_color=\u00bb#b22234&#8243; icon_placement=\u00bbleft\u00bb admin_label=\u00bbAnuncio\u00bb _builder_version=\u00bb3.0.74&#8243; header_font=\u00bb|on|||\u00bb header_text_color=\u00bb#b22234&#8243; background_size=\u00bbinitial\u00bb background_position=\u00bbtop_left\u00bb background_repeat=\u00bbrepeat\u00bb]Somos una empresa que ofrece consultar\u00eda migratoria con la mayor honestidad, responsabilidad y calidad, permiti\u00e9ndoles a las personas tener mejores oportunidades en el extranjero \u00a0y dar la oportunidad de reunirse con sus familiares\r[\/et_pb_blurb][\/et_pb_column][et_pb_column type=\u00bb1_2&#8243; _builder_version=\u00bb3.25&#8243; background_color=\u00bb#ffffff\u00bb custom_padding=\u00bb50px        |    35px    |50px| 35px\u00bb custom_padding__hover=\u00bb|||\u00bb][et_pb_blurb title=\u00bbVisi\u00f3n\u00bb use_icon=\u00bbon\u00bb font_icon=\u00bb\ue01c\u00bb icon_color=\u00bb#b22234&#8243; icon_placement=\u00bbleft\u00bb admin_label=\u00bbAnuncio\u00bb _builder_version=\u00bb3.0.74&#8243; header_font=\u00bb|on|||\u00bb header_text_color=\u00bb#b22234&#8243; background_size=\u00bbinitial\u00bb background_position=\u00bbtop_left\u00bb background_repeat=\u00bbrepeat\u00bb]Ser l\u00edderes y reconocidos en el mercado salvadore\u00f1o, como una de las mejores empresas de consultar\u00eda migratoria, que se caracteriza por sus servicios de alta calidad, honestidad, y la satisfacci\u00f3n de sus clientes\r[\/et_pb_blurb][\/et_pb_column][\/et_pb_row][\/et_pb_section][et_pb_section fb_built=\u00bb1&#8243; admin_label=\u00bbsection\u00bb _builder_version=\u00bb3.22&#8243;][et_pb_row column_structure=\u00bb1_2,1_2&#8243; admin_label=\u00bbrow\u00bb _builder_version=\u00bb3.25&#8243; background_size=\u00bbinitial\u00bb background_position=\u00bbtop_left\u00bb background_repeat=\u00bbrepeat\u00bb custom_margin=\u00bb||50px|\u00bb][et_pb_column type=\u00bb1_2&#8243; _builder_version=\u00bb3.25&#8243; custom_padding=\u00bb50px|      |      |   \u00bb custom_padding__hover=\u00bb|||\u00bb][et_pb_text admin_label=\u00bbTexto\u00bb _builder_version=\u00bb3.27.4&#8243; header_text_color=\u00bb#0c71c3&#8243; background_size=\u00bbinitial\u00bb background_position=\u00bbtop_left\u00bb background_repeat=\u00bbrepeat\u00bb]<h1>Nuestros Valores<\/h1>\n<p>&nbsp;<\/p>\n<ul>\n<li><span style=\"font-size: x-large;\">Honestidad.<\/span><\/li>\n<li><span style=\"font-size: x-large;\">Responsabilidad.<\/span><\/li>\n<li><span style=\"font-size: x-large;\">Solidaridad.<\/span><\/li>\n<li><span style=\"font-size: x-large;\">Confianza.<\/span><\/li>\n<li><span style=\"font-size: x-large;\">Pasi\u00f3n.<\/span><\/li>\n<li><span style=\"font-size: x-large;\">Compromiso.<\/span><\/li>\n<\/ul>[\/et_pb_text][\/et_pb_column][et_pb_column type=\u00bb1_2&#8243; _builder_version=\u00bb3.25&#8243; custom_padding=\u00bb|||\u00bb custom_padding__hover=\u00bb|||\u00bb][et_pb_image src=\u00bbhttp:\/\/ayudamigratoria.com.sv\/site\/wp-content\/uploads\/2017\/03\/compass.jpg\u00bb alt=\u00bbNuestros valores\u00bb title_text=\u00bbNuestros valores\u00bb show_bottom_space=\u00bboff\u00bb align=\u00bbcenter\u00bb align_tablet=\u00bbcenter\u00bb align_phone=\u00bb\u00bb align_last_edited=\u00bbon|desktop\u00bb admin_label=\u00bbImagen\u00bb _builder_version=\u00bb3.23&#8243; animation_style=\u00bbslide\u00bb animation_direction=\u00bbbottom\u00bb animation_duration=\u00bb500ms\u00bb animation_intensity_slide=\u00bb10%\u00bb animation=\u00bbbottom\u00bb sticky=\u00bbon\u00bb][\/et_pb_image][\/et_pb_column][\/et_pb_row][\/et_pb_section]\n","protected":false},"excerpt":{"rendered":"<p>Nosotros Somos una empresa que cuenta con 14 a\u00f1os de experiencia brindando servicio de calidad, contamos con personal capacitado para asistirle en sus tr\u00e1mites migratorios para Estados Unidos. Nos especializamos\u00a0en todo tipo de tr\u00e1mites migratorios para EE.UU. Te presentamos una soluci\u00f3n inmediata para cualquier tipo de caso migratorio de forma honesta y transparente. Contamos con [&hellip;]<\/p>\n","protected":false},"author":2,"featured_media":0,"parent":0,"menu_order":2,"comment_status":"closed","ping_status":"closed","template":"","meta":{"_et_pb_use_builder":"on","_et_pb_old_content":"","_et_gb_content_width":"","footnotes":""},"class_list":["post-52","page","type-page","status-publish","hentry"],"_links":{"self":[{"href":"https:\/\/ayudamigratoria.com.sv\/site\/wp-json\/wp\/v2\/pages\/52","targetHints":{"allow":["GET"]}}],"collection":[{"href":"https:\/\/ayudamigratoria.com.sv\/site\/wp-json\/wp\/v2\/pages"}],"about":[{"href":"https:\/\/ayudamigratoria.com.sv\/site\/wp-json\/wp\/v2\/types\/page"}],"author":[{"embeddable":true,"href":"https:\/\/ayudamigratoria.com.sv\/site\/wp-json\/wp\/v2\/users\/2"}],"replies":[{"embeddable":true,"href":"https:\/\/ayudamigratoria.com.sv\/site\/wp-json\/wp\/v2\/comments?post=52"}],"version-history":[{"count":8,"href":"https:\/\/ayudamigratoria.com.sv\/site\/wp-json\/wp\/v2\/pages\/52\/revisions"}],"predecessor-version":[{"id":442,"href":"https:\/\/ayudamigratoria.com.sv\/site\/wp-json\/wp\/v2\/pages\/52\/revisions\/442"}],"wp:attachment":[{"href":"https:\/\/ayudamigratoria.com.sv\/site\/wp-json\/wp\/v2\/media?parent=52"}],"curies":[{"name":"wp","href":"https:\/\/api.w.org\/{rel}","templated":true}]}}